{"id":954,"date":"2020-11-09T15:03:13","date_gmt":"2020-11-09T15:03:13","guid":{"rendered":"http:\/\/www.corneliaprescher.com\/?page_id=954"},"modified":"2025-01-03T16:35:12","modified_gmt":"2025-01-03T16:35:12","slug":"imagefilm","status":"publish","type":"page","link":"https:\/\/www.corneliaprescher.com\/?page_id=954","title":{"rendered":"Imagefilm"},"content":{"rendered":"\t\t<div data-elementor-type=\"wp-page\" data-elementor-id=\"954\" class=\"elementor elementor-954\">\n\t\t\t\t\t\t<section class=\"elementor-section elementor-top-section elementor-element elementor-element-ddbf0d6 elementor-section-boxed elementor-section-height-default elementor-section-height-default\" data-id=\"ddbf0d6\" data-element_type=\"section\" data-e-type=\"section\">\n\t\t\t\t\t\t<div class=\"elementor-container elementor-column-gap-default\">\n\t\t\t\t\t<div class=\"elementor-column elementor-col-100 elementor-top-column elementor-element elementor-element-fa1e13a\" data-id=\"fa1e13a\" data-element_type=\"column\" data-e-type=\"column\">\n\t\t\t<div class=\"elementor-widget-wrap elementor-element-populated\">\n\t\t\t\t\t\t<div class=\"elementor-element elementor-element-b806435 elementor-widget elementor-widget-text-editor\" data-id=\"b806435\" data-element_type=\"widget\" data-e-type=\"widget\" data-widget_type=\"text-editor.default\">\n\t\t\t\t<div class=\"elementor-widget-container\">\n\t\t\t\t\t\t\t\t\t<p><strong>GoodMills Innovation GmbH<\/strong><br \/><a href=\"https:\/\/www.goodmillsinnovation.com\/\" target=\"_blank\" rel=\"noopener\">GoodMills Innovation<\/a> geh\u00f6rt zur GoodMills Group,<br \/>Europas f\u00fchrender M\u00fchlengruppe. <\/p>\t\t\t\t\t\t\t\t<\/div>\n\t\t\t\t<\/div>\n\t\t\t\t\t<\/div>\n\t\t<\/div>\n\t\t\t\t\t<\/div>\n\t\t<\/section>\n\t\t\t\t<section class=\"elementor-section elementor-top-section elementor-element elementor-element-ea37d06 elementor-section-boxed elementor-section-height-default elementor-section-height-default\" data-id=\"ea37d06\" data-element_type=\"section\" data-e-type=\"section\">\n\t\t\t\t\t\t<div class=\"elementor-container elementor-column-gap-default\">\n\t\t\t\t\t<div class=\"elementor-column elementor-col-100 elementor-top-column elementor-element elementor-element-9e9d96d\" data-id=\"9e9d96d\" data-element_type=\"column\" data-e-type=\"column\">\n\t\t\t<div class=\"elementor-widget-wrap elementor-element-populated\">\n\t\t\t\t\t\t<div class=\"elementor-element elementor-element-41886cc elementor-widget elementor-widget-video\" data-id=\"41886cc\" data-element_type=\"widget\" data-e-type=\"widget\" data-settings=\"{&quot;video_type&quot;:&quot;hosted&quot;,&quot;controls&quot;:&quot;yes&quot;}\" data-widget_type=\"video.default\">\n\t\t\t\t<div class=\"elementor-widget-container\">\n\t\t\t\t\t\t\t<div class=\"e-hosted-video elementor-wrapper elementor-open-inline\">\n\t\t\t\t\t<video class=\"elementor-video\" src=\"http:\/\/www.corneliaprescher.com\/wp-content\/uploads\/2020\/11\/Imagefilm_GoodMills_Innovation.mp4\" controls=\"\" preload=\"metadata\" controlsList=\"nodownload\"><\/video>\n\t\t\t\t<\/div>\n\t\t\t\t\t\t<\/div>\n\t\t\t\t<\/div>\n\t\t\t\t\t<\/div>\n\t\t<\/div>\n\t\t\t\t\t<\/div>\n\t\t<\/section>\n\t\t\t\t<\/div>\n\t\t","protected":false},"excerpt":{"rendered":"<p>De Lo &#8211; der Partner f\u00fcr deine individuellen Verpackungsl\u00f6sungen Mercedes Benz &#8211; MBUX Generation KIA &#8211; Strategy Film KIA &#8211; EV9 Kinetarium &#8218;Im Orbit&#8216; und &#8218;Wind&#8216; GoodMills Innovation GmbH GoodMills Innovation geh\u00f6rt zur GoodMills Group, Europas f\u00fchrender M\u00fchlengruppe. http:\/\/www.corneliaprescher.com\/wp-content\/uploads\/2020\/11\/Imagefilm_GoodMills_Innovation.mp4<\/p>\n","protected":false},"author":1,"featured_media":0,"parent":0,"menu_order":0,"comment_status":"closed","ping_status":"closed","template":"","meta":{"footnotes":""},"class_list":["post-954","page","type-page","status-publish","hentry"],"_links":{"self":[{"href":"https:\/\/www.corneliaprescher.com\/index.php?rest_route=\/wp\/v2\/pages\/954","targetHints":{"allow":["GET"]}}],"collection":[{"href":"https:\/\/www.corneliaprescher.com\/index.php?rest_route=\/wp\/v2\/pages"}],"about":[{"href":"https:\/\/www.corneliaprescher.com\/index.php?rest_route=\/wp\/v2\/types\/page"}],"author":[{"embeddable":true,"href":"https:\/\/www.corneliaprescher.com\/index.php?rest_route=\/wp\/v2\/users\/1"}],"replies":[{"embeddable":true,"href":"https:\/\/www.corneliaprescher.com\/index.php?rest_route=%2Fwp%2Fv2%2Fcomments&post=954"}],"version-history":[{"count":13,"href":"https:\/\/www.corneliaprescher.com\/index.php?rest_route=\/wp\/v2\/pages\/954\/revisions"}],"predecessor-version":[{"id":1573,"href":"https:\/\/www.corneliaprescher.com\/index.php?rest_route=\/wp\/v2\/pages\/954\/revisions\/1573"}],"wp:attachment":[{"href":"https:\/\/www.corneliaprescher.com\/index.php?rest_route=%2Fwp%2Fv2%2Fmedia&parent=954"}],"curies":[{"name":"wp","href":"https:\/\/api.w.org\/{rel}","templated":true}]}}