{"id":743,"date":"2019-10-22T10:04:14","date_gmt":"2019-10-22T10:04:14","guid":{"rendered":"http:\/\/www.corneliaprescher.com\/?page_id=743"},"modified":"2023-08-04T17:47:17","modified_gmt":"2023-08-04T17:47:17","slug":"voice-over","status":"publish","type":"page","link":"https:\/\/www.corneliaprescher.com\/?page_id=743","title":{"rendered":"Voice-Over"},"content":{"rendered":"<p><strong>Never Seen Again<\/strong> &#8211; Episode 102 &#8211; Rolle: Journalistin &amp; Julia Perkins \/\/ 103 &#8211; Rolle: Judy Fox \/\/ 107 &#8211; Rolle: Page Fogen \/\/ 201 &#8211; Rolle: Kelsy Mittauer \/\/ 202 &#8211; Rolle: Ginger Waldrip \/\/ 302 &#8211; Melissa Galluccio \/\/ 303 &#8211; Elizabeth Popowich \/\/ 304 &#8211; Erica Beaudin \/\/ 307 &#8211; Becky Hurdle<\/p>\n<hr \/>\n<p><strong>Is it Cake<\/strong> || Staffel 2 &#8211; Episode: 204 &#8211; Rolle: Anna Camp \/\/ 206 &#8211; Rolle: Dixie D&#8217;amelio\u2028 \/\/ 208 &#8211; Rolle: Taylor Tomlinson<\/p>\n<hr \/>\n<p><strong>The Highland Vet<\/strong><\/p>\n<hr \/>\n<p><strong>The Challenge<\/strong> || Ride or Dies &#8211; Staffel 38 &#8211; Rolle: Veronica<\/p>\n<hr \/>\n<p class=\"ib-m-seo-asset-details__title\"><strong>Exhumed<\/strong> || Staffel 2<\/p>\n<hr \/>\n<p><strong>Too hot too handle<\/strong> &#8211; Rolle: Dominique<\/p>\n<hr \/>\n<p><strong>The last Dolphin King<\/strong> &#8211; Rolle: Carla<strong><br \/>\n<\/strong><\/p>\n<hr \/>\n<p><strong>The Mole &#8211; Der Maulwurf<\/strong> &#8211; Rolle: Casey<\/p>\n<hr \/>\n<p><strong>A Trip to Infinity<\/strong> &#8211; Rolle: Janna Levin<\/p>\n<hr \/>\n<p><strong>Hollywood Houselift<\/strong> &#8211; Rolle: Jax und Megan<\/p>\n<hr \/>\n<p><strong>Iron Chefs<\/strong> &#8211; Episode 102 &#8211; Rolle: Dominique Qrenn \/\/ 103 &#8211; Rolle: Dominique Qrenn \/\/ 104 &#8211; Rolle: Claudette Zepeda \/\/ 106 &#8211; Rolle: Mei Lin \/\/ 108 &#8211; Rolle: Dominique Qrenn<\/p>\n<!--[if lt IE 9]><script>document.createElement('audio');<\/script><![endif]-->\n<audio class=\"wp-audio-shortcode\" id=\"audio-743-1\" preload=\"none\" style=\"width: 100%;\" controls=\"controls\"><source type=\"audio\/mpeg\" src=\"http:\/\/www.corneliaprescher.com\/wp-content\/uploads\/2022\/09\/TheIronChef_01.mp3?_=1\" \/><a href=\"http:\/\/www.corneliaprescher.com\/wp-content\/uploads\/2022\/09\/TheIronChef_01.mp3\">http:\/\/www.corneliaprescher.com\/wp-content\/uploads\/2022\/09\/TheIronChef_01.mp3<\/a><\/audio>\n<audio class=\"wp-audio-shortcode\" id=\"audio-743-2\" preload=\"none\" style=\"width: 100%;\" controls=\"controls\"><source type=\"audio\/mpeg\" src=\"http:\/\/www.corneliaprescher.com\/wp-content\/uploads\/2022\/09\/TheIronChef_02.mp3?_=2\" \/><a href=\"http:\/\/www.corneliaprescher.com\/wp-content\/uploads\/2022\/09\/TheIronChef_02.mp3\">http:\/\/www.corneliaprescher.com\/wp-content\/uploads\/2022\/09\/TheIronChef_02.mp3<\/a><\/audio>\n<audio class=\"wp-audio-shortcode\" id=\"audio-743-3\" preload=\"none\" style=\"width: 100%;\" controls=\"controls\"><source type=\"audio\/mpeg\" src=\"http:\/\/www.corneliaprescher.com\/wp-content\/uploads\/2022\/09\/TheIronChef_03.mp3?_=3\" \/><a href=\"http:\/\/www.corneliaprescher.com\/wp-content\/uploads\/2022\/09\/TheIronChef_03.mp3\">http:\/\/www.corneliaprescher.com\/wp-content\/uploads\/2022\/09\/TheIronChef_03.mp3<\/a><\/audio>\n<hr \/>\n<p>Serie <strong>The real Murders of Orange County<\/strong> &#8211; Episode 202 \/\/ 204 \/\/ 207 \/\/ 209 \/\/ 210<\/p>\n<hr \/>\n<p>Serie <strong>Accident, Suicide or Murder<\/strong> &#8211; Episode 311 \/\/ 312 \/\/ 317 \/\/ 319<\/p>\n<hr \/>\n<p><strong>800 Meter<\/strong> &#8211; Episode 101 \/\/ 102 \/\/ 103<\/p>\n<audio class=\"wp-audio-shortcode\" id=\"audio-743-4\" preload=\"none\" style=\"width: 100%;\" controls=\"controls\"><source type=\"audio\/mpeg\" src=\"http:\/\/www.corneliaprescher.com\/wp-content\/uploads\/2022\/05\/Cornelia_P_VoiceOver_800Meter_1.mp3?_=4\" \/><a href=\"http:\/\/www.corneliaprescher.com\/wp-content\/uploads\/2022\/05\/Cornelia_P_VoiceOver_800Meter_1.mp3\">http:\/\/www.corneliaprescher.com\/wp-content\/uploads\/2022\/05\/Cornelia_P_VoiceOver_800Meter_1.mp3<\/a><\/audio>\n<audio class=\"wp-audio-shortcode\" id=\"audio-743-5\" preload=\"none\" style=\"width: 100%;\" controls=\"controls\"><source type=\"audio\/mpeg\" src=\"http:\/\/www.corneliaprescher.com\/wp-content\/uploads\/2022\/05\/Cornelia_P_VoiceOver_800Meter_4.mp3?_=5\" \/><a href=\"http:\/\/www.corneliaprescher.com\/wp-content\/uploads\/2022\/05\/Cornelia_P_VoiceOver_800Meter_4.mp3\">http:\/\/www.corneliaprescher.com\/wp-content\/uploads\/2022\/05\/Cornelia_P_VoiceOver_800Meter_4.mp3<\/a><\/audio>\n<audio class=\"wp-audio-shortcode\" id=\"audio-743-6\" preload=\"none\" style=\"width: 100%;\" controls=\"controls\"><source type=\"audio\/mpeg\" src=\"http:\/\/www.corneliaprescher.com\/wp-content\/uploads\/2022\/05\/Cornelia_P_VoiceOver_800Meter_5.mp3?_=6\" \/><a href=\"http:\/\/www.corneliaprescher.com\/wp-content\/uploads\/2022\/05\/Cornelia_P_VoiceOver_800Meter_5.mp3\">http:\/\/www.corneliaprescher.com\/wp-content\/uploads\/2022\/05\/Cornelia_P_VoiceOver_800Meter_5.mp3<\/a><\/audio>\n<hr \/>\n<p><strong>A True Hollywood Story<\/strong><\/p>\n<hr \/>\n<p>Serie <strong>Snapped<\/strong> &#8211; Episode 926 \/\/ 927 \/\/ 928<\/p>\n<hr \/>\n<p>Serie <b>Murder for Hire<\/b> &#8211; Episode 11 \/\/ 12 \/\/ 13 \/\/ 15<\/p>\n<hr \/>\n<p>Serie <strong>My Haunted House<\/strong> &#8211; Episode 6 \/\/ 7 \/\/ 8 \/\/ 9 \/\/ 10<\/p>\n<hr \/>\n<p><b>Dokumentarfilm &#8218;Riders of Destiny&#8216;<\/b><\/p>\n<p>Riders of Destiny erz\u00e4hlt die Geschichte von Sila und Firman, zwei Kinderjockeys, die unter Einsatz ihres Lebens reiten, um ihre Angeh\u00f6rigen zu versorgen. Mit nur 5 und 7 Jahren tragen sie die Verantwortung f\u00fcr ihre ganze Familie.<\/p>\n<p><a href=\"https:\/\/ridersofdestinyfilm.de\/\" target=\"_blank\" rel=\"noopener noreferrer\">Hier gehts zum Trailer<\/a><strong>\u00a0<\/strong><\/p>\n","protected":false},"excerpt":{"rendered":"<p>Never Seen Again &#8211; Episode 102 &#8211; Rolle: Journalistin &amp; Julia Perkins \/\/ 103 &#8211; Rolle: Judy Fox \/\/ 107 &#8211; Rolle: Page Fogen \/\/ 201 &#8211; Rolle: Kelsy Mittauer \/\/ 202 &#8211; Rolle: Ginger Waldrip \/\/ 302 &#8211; Melissa Galluccio \/\/ 303 &#8211; Elizabeth Popowich \/\/ 304 &#8211; Erica Beaudin \/\/ 307 &#8211; Becky &hellip; <\/p>\n<p class=\"link-more\"><a href=\"https:\/\/www.corneliaprescher.com\/?page_id=743\" class=\"more-link\"><span class=\"screen-reader-text\">\u201eVoice-Over\u201c<\/span> weiterlesen<\/a><\/p>\n","protected":false},"author":1,"featured_media":0,"parent":0,"menu_order":0,"comment_status":"closed","ping_status":"closed","template":"","meta":{"footnotes":""},"class_list":["post-743","page","type-page","status-publish","hentry"],"_links":{"self":[{"href":"https:\/\/www.corneliaprescher.com\/index.php?rest_route=\/wp\/v2\/pages\/743","targetHints":{"allow":["GET"]}}],"collection":[{"href":"https:\/\/www.corneliaprescher.com\/index.php?rest_route=\/wp\/v2\/pages"}],"about":[{"href":"https:\/\/www.corneliaprescher.com\/index.php?rest_route=\/wp\/v2\/types\/page"}],"author":[{"embeddable":true,"href":"https:\/\/www.corneliaprescher.com\/index.php?rest_route=\/wp\/v2\/users\/1"}],"replies":[{"embeddable":true,"href":"https:\/\/www.corneliaprescher.com\/index.php?rest_route=%2Fwp%2Fv2%2Fcomments&post=743"}],"version-history":[{"count":29,"href":"https:\/\/www.corneliaprescher.com\/index.php?rest_route=\/wp\/v2\/pages\/743\/revisions"}],"predecessor-version":[{"id":1357,"href":"https:\/\/www.corneliaprescher.com\/index.php?rest_route=\/wp\/v2\/pages\/743\/revisions\/1357"}],"wp:attachment":[{"href":"https:\/\/www.corneliaprescher.com\/index.php?rest_route=%2Fwp%2Fv2%2Fmedia&parent=743"}],"curies":[{"name":"wp","href":"https:\/\/api.w.org\/{rel}","templated":true}]}}