{"id":585,"date":"2019-02-26T15:18:41","date_gmt":"2019-02-26T15:18:41","guid":{"rendered":"http:\/\/www.corneliaprescher.com\/?page_id=585"},"modified":"2025-01-03T16:22:27","modified_gmt":"2025-01-03T16:22:27","slug":"synchron","status":"publish","type":"page","link":"https:\/\/www.corneliaprescher.com\/?page_id=585","title":{"rendered":"Synchron"},"content":{"rendered":"<p>Farzi || Sahira<\/p>\n<!--[if lt IE 9]><script>document.createElement('audio');<\/script><![endif]-->\n<audio class=\"wp-audio-shortcode\" id=\"audio-585-1\" preload=\"none\" style=\"width: 100%;\" controls=\"controls\"><source type=\"audio\/mpeg\" src=\"http:\/\/www.corneliaprescher.com\/wp-content\/uploads\/2025\/01\/Cornelia_Prescher_Synchron_Farzi_01705832049.mp3?_=1\" \/><a href=\"http:\/\/www.corneliaprescher.com\/wp-content\/uploads\/2025\/01\/Cornelia_Prescher_Synchron_Farzi_01705832049.mp3\">http:\/\/www.corneliaprescher.com\/wp-content\/uploads\/2025\/01\/Cornelia_Prescher_Synchron_Farzi_01705832049.mp3<\/a><\/audio>\n<hr \/>\n<p>Hawa || De\u0301borah<\/p>\n<audio class=\"wp-audio-shortcode\" id=\"audio-585-2\" preload=\"none\" style=\"width: 100%;\" controls=\"controls\"><source type=\"audio\/mpeg\" src=\"http:\/\/www.corneliaprescher.com\/wp-content\/uploads\/2025\/01\/Cornelia_Prescher_Synchron_Hawa_01705832049.mp3?_=2\" \/><a href=\"http:\/\/www.corneliaprescher.com\/wp-content\/uploads\/2025\/01\/Cornelia_Prescher_Synchron_Hawa_01705832049.mp3\">http:\/\/www.corneliaprescher.com\/wp-content\/uploads\/2025\/01\/Cornelia_Prescher_Synchron_Hawa_01705832049.mp3<\/a><\/audio>\n<hr \/>\n<p>The Serpent Queen || Aabis<\/p>\n<audio class=\"wp-audio-shortcode\" id=\"audio-585-3\" preload=\"none\" style=\"width: 100%;\" controls=\"controls\"><source type=\"audio\/mpeg\" src=\"http:\/\/www.corneliaprescher.com\/wp-content\/uploads\/2025\/01\/Cornelia_Prescher_Synchron_SerpentQueen_01705832049.mp3?_=3\" \/><a href=\"http:\/\/www.corneliaprescher.com\/wp-content\/uploads\/2025\/01\/Cornelia_Prescher_Synchron_SerpentQueen_01705832049.mp3\">http:\/\/www.corneliaprescher.com\/wp-content\/uploads\/2025\/01\/Cornelia_Prescher_Synchron_SerpentQueen_01705832049.mp3<\/a><\/audio>\n<hr \/>\n<p>Bosch Legacy<\/p>\n<audio class=\"wp-audio-shortcode\" id=\"audio-585-4\" preload=\"none\" style=\"width: 100%;\" controls=\"controls\"><source type=\"audio\/mpeg\" src=\"http:\/\/www.corneliaprescher.com\/wp-content\/uploads\/2025\/01\/Cornelia_Prescher_Synchron2.mp3?_=4\" \/><a href=\"http:\/\/www.corneliaprescher.com\/wp-content\/uploads\/2025\/01\/Cornelia_Prescher_Synchron2.mp3\">http:\/\/www.corneliaprescher.com\/wp-content\/uploads\/2025\/01\/Cornelia_Prescher_Synchron2.mp3<\/a><\/audio>\n<hr \/>\n<p>Blowback &#8211; Time for Playback || Candy Santana als Diana Reed<\/p>\n<audio class=\"wp-audio-shortcode\" id=\"audio-585-5\" preload=\"none\" style=\"width: 100%;\" controls=\"controls\"><source type=\"audio\/mpeg\" src=\"http:\/\/www.corneliaprescher.com\/wp-content\/uploads\/2025\/01\/Cornelia_Prescher_Synchron_Blowback_01705832049.mp3?_=5\" \/><a href=\"http:\/\/www.corneliaprescher.com\/wp-content\/uploads\/2025\/01\/Cornelia_Prescher_Synchron_Blowback_01705832049.mp3\">http:\/\/www.corneliaprescher.com\/wp-content\/uploads\/2025\/01\/Cornelia_Prescher_Synchron_Blowback_01705832049.mp3<\/a><\/audio>\n<hr \/>\n<p>Christmas is cancelled || Makeup Artist<\/p>\n<audio class=\"wp-audio-shortcode\" id=\"audio-585-6\" preload=\"none\" style=\"width: 100%;\" controls=\"controls\"><source type=\"audio\/mpeg\" src=\"http:\/\/www.corneliaprescher.com\/wp-content\/uploads\/2025\/01\/Cornelia_Prescher_Synchron_Christmasiscancled_01705832049.mp3?_=6\" \/><a href=\"http:\/\/www.corneliaprescher.com\/wp-content\/uploads\/2025\/01\/Cornelia_Prescher_Synchron_Christmasiscancled_01705832049.mp3\">http:\/\/www.corneliaprescher.com\/wp-content\/uploads\/2025\/01\/Cornelia_Prescher_Synchron_Christmasiscancled_01705832049.mp3<\/a><\/audio>\n<hr \/>\n<p>Brian and Charles || Pam<\/p>\n<audio class=\"wp-audio-shortcode\" id=\"audio-585-7\" preload=\"none\" style=\"width: 100%;\" controls=\"controls\"><source type=\"audio\/mpeg\" src=\"http:\/\/www.corneliaprescher.com\/wp-content\/uploads\/2025\/01\/Cornelia_Prescher_Synchron_BrianundCharles_01705832049.mp3?_=7\" \/><a href=\"http:\/\/www.corneliaprescher.com\/wp-content\/uploads\/2025\/01\/Cornelia_Prescher_Synchron_BrianundCharles_01705832049.mp3\">http:\/\/www.corneliaprescher.com\/wp-content\/uploads\/2025\/01\/Cornelia_Prescher_Synchron_BrianundCharles_01705832049.mp3<\/a><\/audio>\n<hr \/>\n<p>Paulinas magisches Abenteuer || Anna<\/p>\n<audio class=\"wp-audio-shortcode\" id=\"audio-585-8\" preload=\"none\" style=\"width: 100%;\" controls=\"controls\"><source type=\"audio\/mpeg\" src=\"http:\/\/www.corneliaprescher.com\/wp-content\/uploads\/2025\/01\/Cornelia_Prescher_Synchron_PolinasmagischeAbenteuer_01705832049.mp3?_=8\" \/><a href=\"http:\/\/www.corneliaprescher.com\/wp-content\/uploads\/2025\/01\/Cornelia_Prescher_Synchron_PolinasmagischeAbenteuer_01705832049.mp3\">http:\/\/www.corneliaprescher.com\/wp-content\/uploads\/2025\/01\/Cornelia_Prescher_Synchron_PolinasmagischeAbenteuer_01705832049.mp3<\/a><\/audio>\n<hr \/>\n<p>&nbsp;<\/p>\n<hr \/>\n<p class=\"sc-afe43def-0 hnYaOZ\" data-testid=\"hero__pageTitle\"><span class=\"sc-afe43def-1 fDTGTb\">Leslie Bevillard (als Barbara) in <strong>Blind Date unterm Weihnachtsbaum<\/strong> \u00a0 \/\/\u00a0\u00a0 Bonnie Sorensen (als Carol) in <strong>V\/H\/S\/85<\/strong> (2023) \u00a0 \/\/\u00a0\u00a0 Kathryn Fumie (als Maria) in <strong>Drei W\u00fcnsche zum Fest &#8211; Zur\u00fcck ins Weihnachtsgl\u00fcck<\/strong> (2023)<strong> \u00a0 \/\/\u00a0\u00a0 Sullivans Crossing<\/strong> &#8211; Pattie Baning \u00a0 \/\/\u00a0\u00a0 <strong>Tower of God<\/strong> &#8211; Ansagerin \u00a0 \/\/\u00a0\u00a0 <strong>Code of a Killer<\/strong> &#8211; Helena &amp; Mrs. Pascoe \u00a0 \/\/\u00a0\u00a0 Artworld &#8211; Bankangestellte \u00a0 \/\/\u00a0\u00a0 <strong>Bosch Legacy<\/strong> S2 &#8211; Rollen: Cooper &amp; Mitchell \u00a0 \/\/\u00a0\u00a0 <strong>Mindcage<\/strong> &#8211; Rolle: Lt. Governor Diaz \u00a0 \/\/\u00a0\u00a0 <strong>Farzi<\/strong> &#8211; Rolle: Sahira \u00a0 \/\/\u00a0\u00a0 <strong>Twisted Metal<\/strong> &#8211; Rollen: Margie &amp; Tinker\u00a0\u00a0 \/\/\u00a0\u00a0 <strong>Stardust<\/strong> &#8211; Rolle: Leather Girl\u00a0\u00a0 \/\/\u00a0\u00a0 <strong>Yellow<\/strong> &#8211; Rolle: Cricket &amp; Meghan \u00a0 \/\/\u00a0\u00a0 <strong>My Unique Skill<\/strong> &#8211; Rollen: Dungeon &amp; Eyna\u00a0\u00a0 \/\/\u00a0\u00a0 <strong>At Midnight<\/strong> &#8211; Rolle: Dr. Alice\u00a0\u00a0 \/\/<strong> \u00a0 Les Jeunes Amants<\/strong> &#8211; Rolle: Martha\u00a0\u00a0 \/\/\u00a0\u00a0 <strong>Des Gens Bien<\/strong> &#8211; Rolle: TV Sprecherin\u00a0 \/\/\u00a0\u00a0 <strong>Farmer Seeking Love<\/strong> &#8211; Rolle: Rose\u00a0 \/\/\u00a0\u00a0 <strong>AC Criminal Games<\/strong> &#8211; Rolle: Sophie\u00a0 \/\/\u00a0\u00a0 <strong>Candice Renoir<\/strong> &#8211; Rolle: Frau Limonet \u00a0 \/\/\u00a0\u00a0 <strong>Dough<\/strong> &#8211; Rolle: Nina \u00a0 \/\/\u00a0\u00a0 <strong>Krudtt\u00f8nden<\/strong> &#8211; Rolle: Inge-Marie \u00a0 \/\/\u00a0\u00a0\u00a0<\/span><strong>Le Sel des Larmes<\/strong> &#8211; Rolle: Sabrina \u00a0 \/\/\u00a0\u00a0 <strong>Hawa<\/strong> &#8211; Rolle: Deborah \u00a0 \/\/\u00a0\u00a0 <strong>Polly Pocket<\/strong> S5 &#8211; Rolle: Katze\u00a0\u00a0 \/\/\u00a0\u00a0 <strong>Yonder<\/strong> &#8211; Rolle: Frau Choi\u00a0\u00a0 \/\/\u00a0\u00a0 <strong>Paraiso<\/strong> &#8211; Rolle: Lehrerin \u00a0 \/\/ \u00a0 <strong>Ramy<\/strong> &#8211; Rolle: Amira \u00a0 \/\/ \u00a0 <strong>Grow<\/strong> &#8211; Rolle: Newsfrau \u00a0 \/\/ \u00a0 <strong>YAR<\/strong> &#8211; Rollen: Hilda &amp; Sunflower &amp; K\u00f6nigin &amp; Tausendfu\u00df \u00a0 \/\/ \u00a0 <strong>Le Horla<\/strong> &#8211; Rolle: \u00c4rztin \u00a0 \/\/ \u00a0 <strong>Titans<\/strong> &#8211; Rolle: Arias Mutter \u00a0 \/\/ \u00a0 <strong>Don&#8217;t leave<\/strong> &#8211; Rolle: Elif \u00a0 \/\/ \u00a0 <strong>NYPD Blue<\/strong> &#8211; Rolle: Lucy \u00a0 \/\/ \u00a0 <strong>The Serpent Queen<\/strong> &#8211; Rolle: Aabis \u00a0 \/\/ \u00a0 <strong>Brian and Charles<\/strong> &#8211; Rolle: Pam \u00a0 \/\/ \u00a0 <strong>Primo<\/strong> &#8211; Rolle: Jackie\u00a0\u00a0 \/\/ \u00a0 <strong>L&#8217;Op\u00e9ra<\/strong> &#8211; Rolle: Jos\u00e9e \u00a0 \/\/<strong> \u00a0 Party Down<\/strong> &#8211; Rolle: Jaff &amp; Tully \u00a0 \/\/<strong>\u00a0 Transformers Earthspark<\/strong> &#8211; Rolle: Agent \u00a0 \/\/<strong> \u00a0 Monster Girl Doctor<\/strong> &#8211; Rolle: Arahnia\u00a0\u00a0 \/\/ \u00a0 <strong>Gentleman<\/strong> &#8211; Rolle: Frau Kim\u00a0\u00a0 \/\/\u00a0\u00a0 <strong>Socorro<\/strong> &#8211; Rolle: Mutter &amp; Muyin\u00a0\u00a0 \/\/\u00a0\u00a0 <strong>Full Dive RPG<\/strong> &#8211; Rolle: G\u00f6ttin &amp; Frau Yuuki\u00a0\u00a0 \/\/\u00a0\u00a0 <strong>Marriage<\/strong> &#8211; Rolle: Claire \u00a0 \/\/ \u00a0 <strong>Enchantimals City Tails<\/strong> &#8211; Rolle: Gerika \u00a0 \/\/ \u00a0 <strong>Tower of God<\/strong> &#8211; Rolle: Schwarzm\u00e4rz &amp; Khuns Mutter\u00a0\u00a0 \/\/\u00a0\u00a0 <strong>Paw Patrol<\/strong> &#8211; Rolle: Schneekette \u00a0 \/\/ \u00a0 <strong>The Reef 2 &#8211; Stalked<\/strong> &#8211; Rolle: Cath \u00a0 \/\/ \u00a0 <strong>NYPD Blue<\/strong> &#8211; Rolle: Marta \u00a0 \/\/ \u00a0 <strong>Billy the Kid<\/strong> &#8211; Rolle: Mary \u00a0 \/\/ \u00a0 <strong>Snowkissed<\/strong> &#8211; Rolle: Francine \u00a0 \/\/ \u00a0 <strong>Du wirst nie allein sein<\/strong> &#8211; Rolle: Joana \u00a0 \/\/ \u00a0 <strong>Four more Shots<\/strong> &#8211; Rolle: Deepika Sheth \u00a0 \/\/ \u00a0 <strong>Blowback<\/strong> &#8211; Rolle: Reed \u00a0 \/\/ \u00a0 <strong>How a realist Hero<\/strong> &#8211; Rolle: Tomoko \u00a0 \/\/ \u00a0 <strong>Big Nate<\/strong> &#8211; Rolle: Mrs Applew. \u00a0 \/\/ \u00a0 <strong>Weihnachtsfilme <\/strong>&#8211; Rolle: Elizabeth \u00a0 \/\/ \u00a0 <strong>Missing, Sinister, Grudge<\/strong> &#8211; Rolle: Ella \u00a0 \/\/\u00a0 <strong>Outlaw<\/strong> &#8211; Rolle: Mary \u00a0 \/\/ \u00a0 <strong>Paulinas magisches Abenteuer<\/strong> &#8211; Rolle: Anna \u00a0 \/\/ \u00a0 <strong>Christmas is cancelled<\/strong> &#8211; Rolle: Makeup Artist \u00a0 \/\/ \u00a0 <strong>Tareco<\/strong> &#8211; Rolle: Virginia \u00a0 \/\/ \u00a0 <strong>Special Delivery<\/strong> &#8211; Rolle: Sprecherin \u00a0 \/\/ \u00a0 <strong>CSol<\/strong> &#8211; Rolle: Michelle Vieth \u00a0 \/\/ \u00a0 <strong>Mona Lisa<\/strong> &#8211; Rolle: \u00c4rztin \u00a0 \/\/ \u00a0\u00a0<strong>Chloe<\/strong> &#8211; Rolle: Podcast F2 + Interview \u00a0 \/\/ \u00a0 <strong>CSol<\/strong> &#8211; Rolle: Ex-Freundin \u00a0 \/\/ \u00a0 <strong>Helsinki Syndrom<\/strong> &#8211; Rolle: Premiermenisterin\u00a0 \/\/ \u00a0 <strong>The Casagrandes S03<\/strong> &#8211; Rolle: Polizistin \u00a0 \/\/\u00a0\u00a0 False Identity \u00a0 \/\/ \u00a0 At Midnight \u00a0 \/\/\u00a0\u00a0 Bod\u00e9\u00a0\u00a0 \/\/\u00a0\u00a0 Manhunt\u00a0\u00a0 \/\/\u00a0\u00a0 For the Glory\u00a0\u00a0 \/\/ \u00a0 The Lake \u00a0 \/\/ \u00a0 AC criminal Games \u00a0 \/\/ \u00a0 Lost Luggage \u00a0 \/\/ \u00a0 Blade of the 47 Ronin \u00a0 \/\/ \u00a0 Power Sisters \u00a0 \/\/ \u00a0 The Witch 2 \u00a0 \/\/ \u00a0 El Presidente\u00a0\u00a0 \/\/\u00a0\u00a0 Country Queen\u00a0\u00a0 \/\/\u00a0\u00a0 Someone Borrowed\u00a0\u00a0 \/\/\u00a0\u00a0 A Christmas Tail \/\/ \u00a0 A League of their own \u00a0 \/\/ \u00a0 L&#8217;Op\u00e9ra \u00a0 \/\/ \u00a0 Les M\u00e9chats \u00a0 \/\/ \u00a0 Becoming Elizabeth \u00a0 \/\/ \u00a0 Bosch Legacy \u00a0 \/\/ \u00a0 The Summer I turned pretty \u00a0 \/\/ \u00a0 The Royal Treatment \u00a0 \/\/ \u00a0 Under Fire &#8211; Season 1 \u00a0 \/\/ \u00a0 Deadwind\u00a0 &#8211; Season 3 \u00a0 \/\/ \u00a0 Difficult People &#8211; Season 1 + 2 \u00a0 \/\/ \u00a0 Loud Christmas Movie \u00a0 \/\/ \u00a0 La Fille de Brest \u00a0 \/\/ \u00a0 Tyler Perry&#8217;s A Madea Family Funeral \u00a0 \/\/ \u00a0 Les derniers Jours de monde \u00a0 \/\/ \u00a0 Hunter Street &#8211; Season 4 +5 \u00a0 \/\/ \u00a0 Bretonische Spezialit\u00e4ten &#8211; Kommissar Dupins neunter Fall \u00a0 \/\/ \u00a0 Du sollst nicht l\u00fcgen \u00a0 \/\/ \u00a0 NDR &#8211; Tatort &#8218;Die Rache an der Welt&#8216; \u00a0 \/\/ \u00a0 Deer Squad \u00a0 \/\/ \u00a0 Polly Pocket &#8211; Season 2 \u00a0 \/\/ \u00a0 Supercon \u00a0 \/\/ \u00a0 Seven Little Criminals \u00a0 \/\/ \u00a0 Blood Brother \u00a0 \/\/ \u00a0 It&#8217;s Pony &#8211; Season 1 + 2 \u00a0 \/\/ \u00a0 The Casagrandes &#8211; Season 1 + 2 \u00a0 \/\/ \u00a0 Are you afraid of the dark &#8211; Season 1 \u00a0 \/\/ \u00a0 The Loud House &#8211; Season 4 + 5 \u00a0 \/\/ \u00a0 Grace &amp; Frankie &#8211; Season 6 \u00a0 \/\/ \u00a0 Chip+Potato &#8211; Season 2 \u00a0 \/\/ \u00a0 Great News &#8211; Season 201 bis 203<\/p>\n<hr \/>\n\n\n<p><\/p>\n","protected":false},"excerpt":{"rendered":"<p>Farzi || Sahira Hawa || De\u0301borah The Serpent Queen || Aabis Bosch Legacy Blowback &#8211; Time for Playback || Candy Santana als Diana Reed Christmas is cancelled || Makeup Artist Brian and Charles || Pam Paulinas magisches Abenteuer || Anna &nbsp; Leslie Bevillard (als Barbara) in Blind Date unterm Weihnachtsbaum \u00a0 \/\/\u00a0\u00a0 Bonnie Sorensen (als &hellip; <\/p>\n<p class=\"link-more\"><a href=\"https:\/\/www.corneliaprescher.com\/?page_id=585\" class=\"more-link\"><span class=\"screen-reader-text\">\u201eSynchron\u201c<\/span> weiterlesen<\/a><\/p>\n","protected":false},"author":1,"featured_media":0,"parent":0,"menu_order":0,"comment_status":"closed","ping_status":"closed","template":"","meta":{"footnotes":""},"class_list":["post-585","page","type-page","status-publish","hentry"],"_links":{"self":[{"href":"https:\/\/www.corneliaprescher.com\/index.php?rest_route=\/wp\/v2\/pages\/585","targetHints":{"allow":["GET"]}}],"collection":[{"href":"https:\/\/www.corneliaprescher.com\/index.php?rest_route=\/wp\/v2\/pages"}],"about":[{"href":"https:\/\/www.corneliaprescher.com\/index.php?rest_route=\/wp\/v2\/types\/page"}],"author":[{"embeddable":true,"href":"https:\/\/www.corneliaprescher.com\/index.php?rest_route=\/wp\/v2\/users\/1"}],"replies":[{"embeddable":true,"href":"https:\/\/www.corneliaprescher.com\/index.php?rest_route=%2Fwp%2Fv2%2Fcomments&post=585"}],"version-history":[{"count":102,"href":"https:\/\/www.corneliaprescher.com\/index.php?rest_route=\/wp\/v2\/pages\/585\/revisions"}],"predecessor-version":[{"id":1564,"href":"https:\/\/www.corneliaprescher.com\/index.php?rest_route=\/wp\/v2\/pages\/585\/revisions\/1564"}],"wp:attachment":[{"href":"https:\/\/www.corneliaprescher.com\/index.php?rest_route=%2Fwp%2Fv2%2Fmedia&parent=585"}],"curies":[{"name":"wp","href":"https:\/\/api.w.org\/{rel}","templated":true}]}}