{"id":2,"date":"2016-05-10T03:48:21","date_gmt":"2016-05-10T03:48:21","guid":{"rendered":"http:\/\/corneliaprescher.com\/?page_id=2"},"modified":"2024-12-10T15:53:43","modified_gmt":"2024-12-10T15:53:43","slug":"sample-page","status":"publish","type":"page","link":"https:\/\/www.corneliaprescher.com\/?page_id=2","title":{"rendered":"H\u00f6rproben"},"content":{"rendered":"<p><strong>H\u00f6rbuch<\/strong> &#8211; <a href=\"http:\/\/www.corneliaprescher.com\/?page_id=1400\">weitere H\u00f6rimpressionen f\u00fcr H\u00f6rb\u00fccher&#8230;<\/a><\/p>\n<!--[if lt IE 9]><script>document.createElement('audio');<\/script><![endif]-->\n<audio class=\"wp-audio-shortcode\" id=\"audio-2-1\" preload=\"none\" style=\"width: 100%;\" controls=\"controls\"><source type=\"audio\/mpeg\" src=\"http:\/\/www.corneliaprescher.com\/wp-content\/uploads\/2024\/11\/Cornelia_Prescher_Hoerbuch_OVA-3_01705832049.mp3?_=1\" \/><a href=\"http:\/\/www.corneliaprescher.com\/wp-content\/uploads\/2024\/11\/Cornelia_Prescher_Hoerbuch_OVA-3_01705832049.mp3\">http:\/\/www.corneliaprescher.com\/wp-content\/uploads\/2024\/11\/Cornelia_Prescher_Hoerbuch_OVA-3_01705832049.mp3<\/a><\/audio>\n<hr \/>\n<p><strong>Doku\u00a0 |\u00a0 Kommentar<\/strong> &#8211; <a href=\"http:\/\/www.corneliaprescher.com\/?page_id=755\">weitere H\u00f6rimpressionen f\u00fcr Kommentar&#8230;<\/a><\/p>\n<audio class=\"wp-audio-shortcode\" id=\"audio-2-2\" preload=\"none\" style=\"width: 100%;\" controls=\"controls\"><source type=\"audio\/mpeg\" src=\"http:\/\/www.corneliaprescher.com\/wp-content\/uploads\/2024\/11\/Cornelia_Prescher_Doku_Kommentar_Wildes-Vietnam-Intro_01705832049.mp3?_=2\" \/><a href=\"http:\/\/www.corneliaprescher.com\/wp-content\/uploads\/2024\/11\/Cornelia_Prescher_Doku_Kommentar_Wildes-Vietnam-Intro_01705832049.mp3\">http:\/\/www.corneliaprescher.com\/wp-content\/uploads\/2024\/11\/Cornelia_Prescher_Doku_Kommentar_Wildes-Vietnam-Intro_01705832049.mp3<\/a><\/audio>\n<hr \/>\n<p><strong>Voice-Over<\/strong> &#8211; <a href=\"http:\/\/www.corneliaprescher.com\/?page_id=743\">weitere H\u00f6rimpressionen f\u00fcr Voice-Over&#8230;<\/a><\/p>\n<audio class=\"wp-audio-shortcode\" id=\"audio-2-3\" preload=\"none\" style=\"width: 100%;\" controls=\"controls\"><source type=\"audio\/mpeg\" src=\"http:\/\/www.corneliaprescher.com\/wp-content\/uploads\/2022\/09\/TheIronChef_03.mp3?_=3\" \/><a href=\"http:\/\/www.corneliaprescher.com\/wp-content\/uploads\/2022\/09\/TheIronChef_03.mp3\">http:\/\/www.corneliaprescher.com\/wp-content\/uploads\/2022\/09\/TheIronChef_03.mp3<\/a><\/audio>\n<hr \/>\n<p><strong>TV Commercials<\/strong> &#8211; <a href=\"http:\/\/www.corneliaprescher.com\/?page_id=20\">weitere H\u00f6rimpressionen f\u00fcr TV Commercials&#8230;<\/a><\/p>\n<audio class=\"wp-audio-shortcode\" id=\"audio-2-4\" preload=\"none\" style=\"width: 100%;\" controls=\"controls\"><source type=\"audio\/mpeg\" src=\"http:\/\/www.corneliaprescher.com\/wp-content\/uploads\/2022\/02\/Die-Geldanlage-ins-Heute-holen-\u2013-ganz-einfach_1.mp3?_=4\" \/><a href=\"http:\/\/www.corneliaprescher.com\/wp-content\/uploads\/2022\/02\/Die-Geldanlage-ins-Heute-holen-\u2013-ganz-einfach_1.mp3\">http:\/\/www.corneliaprescher.com\/wp-content\/uploads\/2022\/02\/Die-Geldanlage-ins-Heute-holen-\u2013-ganz-einfach_1.mp3<\/a><\/audio>\n<hr \/>\n<p><strong>Radio Commercials<\/strong> &#8211; <a href=\"http:\/\/www.corneliaprescher.com\/?page_id=784\">weitere H\u00f6rimpessionen f\u00fcr Radio Commercials&#8230;<\/a><\/p>\n<audio class=\"wp-audio-shortcode\" id=\"audio-2-5\" preload=\"none\" style=\"width: 100%;\" controls=\"controls\"><source type=\"audio\/mpeg\" src=\"http:\/\/www.corneliaprescher.com\/wp-content\/uploads\/2020\/04\/Cornelia_P_Sportschau_koeln.mp3?_=5\" \/><a href=\"http:\/\/www.corneliaprescher.com\/wp-content\/uploads\/2020\/04\/Cornelia_P_Sportschau_koeln.mp3\">http:\/\/www.corneliaprescher.com\/wp-content\/uploads\/2020\/04\/Cornelia_P_Sportschau_koeln.mp3<\/a><\/audio>\n<hr \/>\n<p><strong>Synchron<\/strong> &#8211; <a href=\"http:\/\/www.corneliaprescher.com\/?page_id=585\">weitere H\u00f6rimpressionen f\u00fcr Synchron&#8230;<\/a><\/p>\n<audio class=\"wp-audio-shortcode\" id=\"audio-2-6\" preload=\"none\" style=\"width: 100%;\" controls=\"controls\"><source type=\"audio\/mpeg\" src=\"http:\/\/www.corneliaprescher.com\/wp-content\/uploads\/2023\/02\/Cornelia_Prescher_Farzi.mp3?_=6\" \/><a href=\"http:\/\/www.corneliaprescher.com\/wp-content\/uploads\/2023\/02\/Cornelia_Prescher_Farzi.mp3\">http:\/\/www.corneliaprescher.com\/wp-content\/uploads\/2023\/02\/Cornelia_Prescher_Farzi.mp3<\/a><\/audio>\n<hr \/>\n<p><strong>Imagefilm<\/strong> &#8211; <a href=\"http:\/\/www.corneliaprescher.com\/?page_id=954\">weitere H\u00f6rimpressionen f\u00fcr Imagefilme&#8230;<\/a><\/p>\n<audio class=\"wp-audio-shortcode\" id=\"audio-2-7\" preload=\"none\" style=\"width: 100%;\" controls=\"controls\"><source type=\"audio\/wav\" src=\"http:\/\/www.corneliaprescher.com\/wp-content\/uploads\/2024\/11\/Cornelia_Prescher_Image_GoodMills_01705832049.wav?_=7\" \/><a href=\"http:\/\/www.corneliaprescher.com\/wp-content\/uploads\/2024\/11\/Cornelia_Prescher_Image_GoodMills_01705832049.wav\">http:\/\/www.corneliaprescher.com\/wp-content\/uploads\/2024\/11\/Cornelia_Prescher_Image_GoodMills_01705832049.wav<\/a><\/audio>\n\n\n<p><\/p>\n","protected":false},"excerpt":{"rendered":"<p>H\u00f6rbuch &#8211; weitere H\u00f6rimpressionen f\u00fcr H\u00f6rb\u00fccher&#8230; Doku\u00a0 |\u00a0 Kommentar &#8211; weitere H\u00f6rimpressionen f\u00fcr Kommentar&#8230; Voice-Over &#8211; weitere H\u00f6rimpressionen f\u00fcr Voice-Over&#8230; TV Commercials &#8211; weitere H\u00f6rimpressionen f\u00fcr TV Commercials&#8230; Radio Commercials &#8211; weitere H\u00f6rimpessionen f\u00fcr Radio Commercials&#8230; Synchron &#8211; weitere H\u00f6rimpressionen f\u00fcr Synchron&#8230; Imagefilm &#8211; weitere H\u00f6rimpressionen f\u00fcr Imagefilme&#8230;<\/p>\n","protected":false},"author":1,"featured_media":0,"parent":0,"menu_order":0,"comment_status":"closed","ping_status":"open","template":"","meta":{"footnotes":""},"class_list":["post-2","page","type-page","status-publish","hentry"],"_links":{"self":[{"href":"https:\/\/www.corneliaprescher.com\/index.php?rest_route=\/wp\/v2\/pages\/2","targetHints":{"allow":["GET"]}}],"collection":[{"href":"https:\/\/www.corneliaprescher.com\/index.php?rest_route=\/wp\/v2\/pages"}],"about":[{"href":"https:\/\/www.corneliaprescher.com\/index.php?rest_route=\/wp\/v2\/types\/page"}],"author":[{"embeddable":true,"href":"https:\/\/www.corneliaprescher.com\/index.php?rest_route=\/wp\/v2\/users\/1"}],"replies":[{"embeddable":true,"href":"https:\/\/www.corneliaprescher.com\/index.php?rest_route=%2Fwp%2Fv2%2Fcomments&post=2"}],"version-history":[{"count":109,"href":"https:\/\/www.corneliaprescher.com\/index.php?rest_route=\/wp\/v2\/pages\/2\/revisions"}],"predecessor-version":[{"id":1506,"href":"https:\/\/www.corneliaprescher.com\/index.php?rest_route=\/wp\/v2\/pages\/2\/revisions\/1506"}],"wp:attachment":[{"href":"https:\/\/www.corneliaprescher.com\/index.php?rest_route=%2Fwp%2Fv2%2Fmedia&parent=2"}],"curies":[{"name":"wp","href":"https:\/\/api.w.org\/{rel}","templated":true}]}}